{"id":111,"date":"2020-08-08T14:13:39","date_gmt":"2020-08-08T12:13:39","guid":{"rendered":"http:\/\/therapienutri.com\/?page_id=111"},"modified":"2024-08-20T11:55:11","modified_gmt":"2024-08-20T09:55:11","slug":"nutritherapie","status":"publish","type":"page","link":"https:\/\/www.therapienutri.com\/index.php\/nutrition\/nutritherapie\/","title":{"rendered":"Nutrith\u00e9rapie"},"content":{"rendered":"\t\t<div data-elementor-type=\"wp-page\" data-elementor-id=\"111\" class=\"elementor elementor-111\" data-elementor-settings=\"[]\">\n\t\t\t\t\t\t<div class=\"elementor-inner\">\n\t\t\t\t\t\t\t<div class=\"elementor-section-wrap\">\n\t\t\t\t\t\t\t<section class=\"elementor-section elementor-top-section elementor-element elementor-element-94d8543 elementor-section-full_width elementor-section-height-min-height elementor-section-content-top elementor-hidden-phone elementor-section-height-default elementor-section-items-middle\" data-id=\"94d8543\" data-element_type=\"section\">\n\t\t\t\t\t\t\t<div class=\"elementor-background-overlay\"><\/div>\n\t\t\t\t\t\t\t<div class=\"elementor-container elementor-column-gap-default\">\n\t\t\t\t\t\t\t<div class=\"elementor-row\">\n\t\t\t\t\t<div class=\"elementor-column elementor-col-100 elementor-top-column elementor-element elementor-element-3b9c736\" data-id=\"3b9c736\" data-element_type=\"column\" data-settings=\"{&quot;background_background&quot;:&quot;classic&quot;}\">\n\t\t\t<div class=\"elementor-column-wrap elementor-element-populated\">\n\t\t\t\t\t\t\t<div class=\"elementor-widget-wrap\">\n\t\t\t\t\t\t<div class=\"elementor-element elementor-element-a58d741 elementor-invisible elementor-widget elementor-widget-text-editor\" data-id=\"a58d741\" data-element_type=\"widget\" data-settings=\"{&quot;_animation&quot;:&quot;slideInDown&quot;,&quot;_animation_delay&quot;:500}\" data-widget_type=\"text-editor.default\">\n\t\t\t\t<div class=\"elementor-widget-container\">\n\t\t\t\t\t<div class=\"elementor-text-editor elementor-clearfix\"><p>Nutrith\u00e9rapie<\/p><\/div>\n\t\t\t\t<\/div>\n\t\t\t\t<\/div>\n\t\t\t\t<section class=\"elementor-section elementor-inner-section elementor-element elementor-element-1b6a990 elementor-section-boxed elementor-section-height-default elementor-section-height-default\" data-id=\"1b6a990\" data-element_type=\"section\">\n\t\t\t\t\t\t<div class=\"elementor-container elementor-column-gap-default\">\n\t\t\t\t\t\t\t<div class=\"elementor-row\">\n\t\t\t\t\t<div class=\"elementor-column elementor-col-100 elementor-inner-column elementor-element elementor-element-8a306e6\" data-id=\"8a306e6\" data-element_type=\"column\">\n\t\t\t<div class=\"elementor-column-wrap elementor-element-populated\">\n\t\t\t\t\t\t\t<div class=\"elementor-widget-wrap\">\n\t\t\t\t\t\t<div class=\"elementor-element elementor-element-bf90445 elementor-align-center elementor-invisible elementor-widget elementor-widget-button\" data-id=\"bf90445\" data-element_type=\"widget\" data-settings=\"{&quot;_animation&quot;:&quot;slideInDown&quot;}\" data-widget_type=\"button.default\">\n\t\t\t\t<div class=\"elementor-widget-container\">\n\t\t\t\t\t<div class=\"elementor-button-wrapper\">\n\t\t\t<a href=\"https:\/\/www.therapienutri.com\/index.php\/consultations-therapie-nutrition\/\" class=\"elementor-button-link elementor-button elementor-size-md\" role=\"button\">\n\t\t\t\t\t\t<span class=\"elementor-button-content-wrapper\">\n\t\t\t\t\t\t<span class=\"elementor-button-text\">Prendre rendez-vous<\/span>\n\t\t<\/span>\n\t\t\t\t\t<\/a>\n\t\t<\/div>\n\t\t\t\t<\/div>\n\t\t\t\t<\/div>\n\t\t\t\t\t\t<\/div>\n\t\t\t\t\t<\/div>\n\t\t<\/div>\n\t\t\t\t\t\t\t\t<\/div>\n\t\t\t\t\t<\/div>\n\t\t<\/section>\n\t\t\t\t\t\t<\/div>\n\t\t\t\t\t<\/div>\n\t\t<\/div>\n\t\t\t\t\t\t\t\t<\/div>\n\t\t\t\t\t<\/div>\n\t\t<\/section>\n\t\t\t\t<section class=\"elementor-section elementor-top-section elementor-element elementor-element-630a9b8 elementor-section-full_width elementor-section-height-full elementor-section-content-top elementor-hidden-desktop elementor-hidden-tablet elementor-section-height-default elementor-section-items-middle\" data-id=\"630a9b8\" data-element_type=\"section\">\n\t\t\t\t\t\t\t<div class=\"elementor-background-overlay\"><\/div>\n\t\t\t\t\t\t\t<div class=\"elementor-container elementor-column-gap-default\">\n\t\t\t\t\t\t\t<div class=\"elementor-row\">\n\t\t\t\t\t<div class=\"elementor-column elementor-col-100 elementor-top-column elementor-element elementor-element-e01e8a5\" data-id=\"e01e8a5\" data-element_type=\"column\" data-settings=\"{&quot;background_background&quot;:&quot;classic&quot;}\">\n\t\t\t<div class=\"elementor-column-wrap elementor-element-populated\">\n\t\t\t\t\t\t\t<div class=\"elementor-widget-wrap\">\n\t\t\t\t\t\t<div class=\"elementor-element elementor-element-4032c3c elementor-invisible elementor-widget elementor-widget-text-editor\" data-id=\"4032c3c\" data-element_type=\"widget\" data-settings=\"{&quot;_animation&quot;:&quot;slideInDown&quot;,&quot;_animation_delay&quot;:500}\" data-widget_type=\"text-editor.default\">\n\t\t\t\t<div class=\"elementor-widget-container\">\n\t\t\t\t\t<div class=\"elementor-text-editor elementor-clearfix\"><p>Nutrith\u00e9rapie<\/p><\/div>\n\t\t\t\t<\/div>\n\t\t\t\t<\/div>\n\t\t\t\t<section class=\"elementor-section elementor-inner-section elementor-element elementor-element-f863754 elementor-section-boxed elementor-section-height-default elementor-section-height-default\" data-id=\"f863754\" data-element_type=\"section\">\n\t\t\t\t\t\t<div class=\"elementor-container elementor-column-gap-default\">\n\t\t\t\t\t\t\t<div class=\"elementor-row\">\n\t\t\t\t\t<div class=\"elementor-column elementor-col-100 elementor-inner-column elementor-element elementor-element-15436fa\" data-id=\"15436fa\" data-element_type=\"column\">\n\t\t\t<div class=\"elementor-column-wrap elementor-element-populated\">\n\t\t\t\t\t\t\t<div class=\"elementor-widget-wrap\">\n\t\t\t\t\t\t<div class=\"elementor-element elementor-element-80fbdfb elementor-align-center elementor-invisible elementor-widget elementor-widget-button\" data-id=\"80fbdfb\" data-element_type=\"widget\" data-settings=\"{&quot;_animation&quot;:&quot;slideInDown&quot;}\" data-widget_type=\"button.default\">\n\t\t\t\t<div class=\"elementor-widget-container\">\n\t\t\t\t\t<div class=\"elementor-button-wrapper\">\n\t\t\t<a href=\"https:\/\/www.therapienutri.com\/index.php\/consultations-therapie-nutrition\/\" class=\"elementor-button-link elementor-button elementor-size-md\" role=\"button\">\n\t\t\t\t\t\t<span class=\"elementor-button-content-wrapper\">\n\t\t\t\t\t\t<span class=\"elementor-button-text\">Prendre rendez-vous<\/span>\n\t\t<\/span>\n\t\t\t\t\t<\/a>\n\t\t<\/div>\n\t\t\t\t<\/div>\n\t\t\t\t<\/div>\n\t\t\t\t\t\t<\/div>\n\t\t\t\t\t<\/div>\n\t\t<\/div>\n\t\t\t\t\t\t\t\t<\/div>\n\t\t\t\t\t<\/div>\n\t\t<\/section>\n\t\t\t\t\t\t<\/div>\n\t\t\t\t\t<\/div>\n\t\t<\/div>\n\t\t\t\t\t\t\t\t<\/div>\n\t\t\t\t\t<\/div>\n\t\t<\/section>\n\t\t\t\t<section class=\"elementor-section elementor-top-section elementor-element elementor-element-27ed1ea elementor-hidden-phone elementor-section-boxed elementor-section-height-default elementor-section-height-default\" data-id=\"27ed1ea\" data-element_type=\"section\">\n\t\t\t\t\t\t<div class=\"elementor-container elementor-column-gap-default\">\n\t\t\t\t\t\t\t<div class=\"elementor-row\">\n\t\t\t\t\t<div class=\"elementor-column elementor-col-100 elementor-top-column elementor-element elementor-element-ce20925\" data-id=\"ce20925\" data-element_type=\"column\">\n\t\t\t<div class=\"elementor-column-wrap elementor-element-populated\">\n\t\t\t\t\t\t\t<div class=\"elementor-widget-wrap\">\n\t\t\t\t\t\t<div class=\"elementor-element elementor-element-d9d9a06 elementor-widget elementor-widget-spacer\" data-id=\"d9d9a06\" data-element_type=\"widget\" data-widget_type=\"spacer.default\">\n\t\t\t\t<div class=\"elementor-widget-container\">\n\t\t\t\t\t<div class=\"elementor-spacer\">\n\t\t\t<div class=\"elementor-spacer-inner\"><\/div>\n\t\t<\/div>\n\t\t\t\t<\/div>\n\t\t\t\t<\/div>\n\t\t\t\t\t\t<\/div>\n\t\t\t\t\t<\/div>\n\t\t<\/div>\n\t\t\t\t\t\t\t\t<\/div>\n\t\t\t\t\t<\/div>\n\t\t<\/section>\n\t\t\t\t<section class=\"elementor-section elementor-top-section elementor-element elementor-element-3ed1468 elementor-section-boxed elementor-section-height-default elementor-section-height-default\" data-id=\"3ed1468\" data-element_type=\"section\">\n\t\t\t\t\t\t<div class=\"elementor-container elementor-column-gap-default\">\n\t\t\t\t\t\t\t<div class=\"elementor-row\">\n\t\t\t\t\t<div class=\"elementor-column elementor-col-100 elementor-top-column elementor-element elementor-element-3a2b2c0\" data-id=\"3a2b2c0\" data-element_type=\"column\">\n\t\t\t<div class=\"elementor-column-wrap elementor-element-populated\">\n\t\t\t\t\t\t\t<div class=\"elementor-widget-wrap\">\n\t\t\t\t\t\t<div class=\"elementor-element elementor-element-db93b7f elementor-widget elementor-widget-text-editor\" data-id=\"db93b7f\" data-element_type=\"widget\" data-widget_type=\"text-editor.default\">\n\t\t\t\t<div class=\"elementor-widget-container\">\n\t\t\t\t\t<div class=\"elementor-text-editor elementor-clearfix\"><p><strong><em>&#8220;Que ton aliment soit ton premier m\u00e9dicament&#8221; &#8211;\u00a0<\/em><\/strong><em>Hippocrate\u00a0<\/em><\/p><\/div>\n\t\t\t\t<\/div>\n\t\t\t\t<\/div>\n\t\t\t\t\t\t<\/div>\n\t\t\t\t\t<\/div>\n\t\t<\/div>\n\t\t\t\t\t\t\t\t<\/div>\n\t\t\t\t\t<\/div>\n\t\t<\/section>\n\t\t\t\t<section class=\"elementor-section elementor-top-section elementor-element elementor-element-02da616 elementor-section-boxed elementor-section-height-default elementor-section-height-default\" data-id=\"02da616\" data-element_type=\"section\">\n\t\t\t\t\t\t<div class=\"elementor-container elementor-column-gap-default\">\n\t\t\t\t\t\t\t<div class=\"elementor-row\">\n\t\t\t\t\t<div class=\"elementor-column elementor-col-100 elementor-top-column elementor-element elementor-element-04a5404\" data-id=\"04a5404\" data-element_type=\"column\">\n\t\t\t<div class=\"elementor-column-wrap elementor-element-populated\">\n\t\t\t\t\t\t\t<div class=\"elementor-widget-wrap\">\n\t\t\t\t\t\t<div class=\"elementor-element elementor-element-6a441e9 elementor-widget elementor-widget-text-editor\" data-id=\"6a441e9\" data-element_type=\"widget\" data-widget_type=\"text-editor.default\">\n\t\t\t\t<div class=\"elementor-widget-container\">\n\t\t\t\t\t<div class=\"elementor-text-editor elementor-clearfix\"><p>Les aliments que nous consommons sont la seule source d&#8217;\u00e9nergie pour notre corps. Notre sant\u00e9 sera meilleure, si notre mode de vie est bas\u00e9 sur une alimentation saine, \u00e9quilibr\u00e9e et vari\u00e9e. Malheureusement, l\u2019alimentation moderne est de plus en plus pauvre en fruits et l\u00e9gumes et de plus en plus riche en sucre, produits transform\u00e9s, additifs, pesticides, exhausteur de go\u00fbt, colorants\u2026 ce qui entrainent des cons\u00e9quences n\u00e9fastes sur notre organisme.<\/p><p>Nos comportements alimentaires ont un impact direct sur notre sant\u00e9 physique et \u00e9motionnelle, bien au-del\u00e0 de ce que l\u2019on croit. Certains aliments ou certaines habitudes alimentaires ont d\u2019ailleurs des vertus reconnues par la science.<\/p><\/div>\n\t\t\t\t<\/div>\n\t\t\t\t<\/div>\n\t\t\t\t\t\t<\/div>\n\t\t\t\t\t<\/div>\n\t\t<\/div>\n\t\t\t\t\t\t\t\t<\/div>\n\t\t\t\t\t<\/div>\n\t\t<\/section>\n\t\t\t\t<section class=\"elementor-section elementor-top-section elementor-element elementor-element-20bf2ad elementor-section-boxed elementor-section-height-default elementor-section-height-default\" data-id=\"20bf2ad\" data-element_type=\"section\">\n\t\t\t\t\t\t<div class=\"elementor-container elementor-column-gap-default\">\n\t\t\t\t\t\t\t<div class=\"elementor-row\">\n\t\t\t\t\t<div class=\"elementor-column elementor-col-100 elementor-top-column elementor-element elementor-element-376666f\" data-id=\"376666f\" data-element_type=\"column\">\n\t\t\t<div class=\"elementor-column-wrap elementor-element-populated\">\n\t\t\t\t\t\t\t<div class=\"elementor-widget-wrap\">\n\t\t\t\t\t\t<div class=\"elementor-element elementor-element-1410b80 elementor-widget elementor-widget-divider\" data-id=\"1410b80\" data-element_type=\"widget\" data-widget_type=\"divider.default\">\n\t\t\t\t<div class=\"elementor-widget-container\">\n\t\t\t\t\t<div class=\"elementor-divider\">\n\t\t\t<span class=\"elementor-divider-separator\">\n\t\t\t\t\t\t<\/span>\n\t\t<\/div>\n\t\t\t\t<\/div>\n\t\t\t\t<\/div>\n\t\t\t\t\t\t<\/div>\n\t\t\t\t\t<\/div>\n\t\t<\/div>\n\t\t\t\t\t\t\t\t<\/div>\n\t\t\t\t\t<\/div>\n\t\t<\/section>\n\t\t\t\t<section class=\"elementor-section elementor-top-section elementor-element elementor-element-3310c50 elementor-section-boxed elementor-section-height-default elementor-section-height-default\" data-id=\"3310c50\" data-element_type=\"section\">\n\t\t\t\t\t\t<div class=\"elementor-container elementor-column-gap-wider\">\n\t\t\t\t\t\t\t<div class=\"elementor-row\">\n\t\t\t\t\t<div class=\"elementor-column elementor-col-100 elementor-top-column elementor-element elementor-element-147d4df\" data-id=\"147d4df\" data-element_type=\"column\">\n\t\t\t<div class=\"elementor-column-wrap elementor-element-populated\">\n\t\t\t\t\t\t\t<div class=\"elementor-widget-wrap\">\n\t\t\t\t\t\t<div class=\"elementor-element elementor-element-936e4fa elementor-widget elementor-widget-text-editor\" data-id=\"936e4fa\" data-element_type=\"widget\" data-widget_type=\"text-editor.default\">\n\t\t\t\t<div class=\"elementor-widget-container\">\n\t\t\t\t\t<div class=\"elementor-text-editor elementor-clearfix\"><h2>De quoi s\u2019agit-il\u00a0?<\/h2><p>La nutrith\u00e9rapie propose une nouvelle approche, centr\u00e9e sur l\u2019utilisation ad\u00e9quatement des nutriments et micronutriments -vitamines, min\u00e9raux, oligo-\u00e9l\u00e9ments, acides gras essentiels, phyto-nutriments- pour apporter au corps tout ce dont il a besoin pour fonctionner de mani\u00e8re optimale et pour stimuler et restaurer les fonctions physiologiques normales de l\u2019organisme (capacit\u00e9s d\u2019autor\u00e9gulation, d\u2019auto-entretien et d\u2019auto-r\u00e9paration).<\/p><p>Elle repr\u00e9sente une v\u00e9ritable\u00a0<strong>r\u00e9volution dans l\u2019approche de la conception de la sant\u00e9<\/strong> ainsi que <strong>de la maladie.<br \/><\/strong>C\u2019est une discipline qui repose sur la <strong>compr\u00e9hension des m\u00e9canismes biochimiques du corps humain,<\/strong> de la biodisponibilit\u00e9, de la compatibilit\u00e9 et, de la synergie d\u2019action des nutriments et micronutriments.<\/p><p>Il s\u2019agit d\u2019une <strong>discipline scientifique<\/strong>\u00a0dont l\u2019efficacit\u00e9, que ce soit tant au niveau diagnostic, pr\u00e9ventif et th\u00e9rapeutique, est valid\u00e9e par des milliers d\u2019\u00e9tudes \u00e9pid\u00e9miologiques et scientifiques.<\/p><\/div>\n\t\t\t\t<\/div>\n\t\t\t\t<\/div>\n\t\t\t\t\t\t<\/div>\n\t\t\t\t\t<\/div>\n\t\t<\/div>\n\t\t\t\t\t\t\t\t<\/div>\n\t\t\t\t\t<\/div>\n\t\t<\/section>\n\t\t\t\t<section class=\"elementor-section elementor-top-section elementor-element elementor-element-4410966 elementor-section-boxed elementor-section-height-default elementor-section-height-default\" data-id=\"4410966\" data-element_type=\"section\">\n\t\t\t\t\t\t<div class=\"elementor-container elementor-column-gap-wider\">\n\t\t\t\t\t\t\t<div class=\"elementor-row\">\n\t\t\t\t\t<div class=\"elementor-column elementor-col-100 elementor-top-column elementor-element elementor-element-bd9c1da\" data-id=\"bd9c1da\" data-element_type=\"column\">\n\t\t\t<div class=\"elementor-column-wrap elementor-element-populated\">\n\t\t\t\t\t\t\t<div class=\"elementor-widget-wrap\">\n\t\t\t\t\t\t<div class=\"elementor-element elementor-element-63bc2a3 elementor-widget elementor-widget-text-editor\" data-id=\"63bc2a3\" data-element_type=\"widget\" data-widget_type=\"text-editor.default\">\n\t\t\t\t<div class=\"elementor-widget-container\">\n\t\t\t\t\t<div class=\"elementor-text-editor elementor-clearfix\"><h2 style=\"text-align: left;\">Les objectifs de la nutrith\u00e9rapie<\/h2><ul><li><strong>Optimiser la sant\u00e9 : <\/strong>l\u2019alimentation est \u00e9troitement li\u00e9e \u00e0 la qualit\u00e9 de la vie. Renforcer sa r\u00e9sistance aux agressions telles que les virus, bact\u00e9ries, pollution, stress\u2026 optimisera votre sant\u00e9<\/li><li><strong>Optimiser les fonctions c\u00e9r\u00e9brales et physiques<\/strong> : ces fonctions sont li\u00e9es \u00e0 notre alimentation qui nous procure l\u2019\u00e9nergie n\u00e9cessaire pour un fonctionnement neuronal (m\u00e9moire, concentration) et physique (\u00e9nergie) de qualit\u00e9<\/li><li><strong>Promouvoir le vieillissement en bonne sant\u00e9 et la pr\u00e9vention des maladies aigues et chroniques : <\/strong>l\u2019alimentation associ\u00e9e \u00e0 une activit\u00e9 physique r\u00e9guli\u00e8re et une bonne gestion du stress sont autant de composantes favorables \u00e0 une vie en bonne sant\u00e9. Les limites de l\u2019alimentation peuvent \u00eatre combl\u00e9es par l\u2019apport de compl\u00e9ments alimentaires.<\/li><\/ul><\/div>\n\t\t\t\t<\/div>\n\t\t\t\t<\/div>\n\t\t\t\t\t\t<\/div>\n\t\t\t\t\t<\/div>\n\t\t<\/div>\n\t\t\t\t\t\t\t\t<\/div>\n\t\t\t\t\t<\/div>\n\t\t<\/section>\n\t\t\t\t\t\t<\/div>\n\t\t\t\t\t\t<\/div>\n\t\t\t\t\t<\/div>\n\t\t","protected":false},"excerpt":{"rendered":"<p>Nutrith\u00e9rapie Prendre rendez-vous Nutrith\u00e9rapie Prendre rendez-vous &#8220;Que ton aliment soit ton premier m\u00e9dicament&#8221; &#8211;\u00a0Hippocrate\u00a0 Les aliments que nous consommons sont la seule source d&#8217;\u00e9nergie pour notre corps. Notre sant\u00e9 sera meilleure, si notre mode de vie est bas\u00e9 sur une alimentation saine, \u00e9quilibr\u00e9e et vari\u00e9e. Malheureusement, l\u2019alimentation moderne est de plus en plus pauvre en [&hellip;]<\/p>\n","protected":false},"author":1,"featured_media":0,"parent":109,"menu_order":11,"comment_status":"closed","ping_status":"closed","template":"elementor_header_footer","meta":[],"yoast_head":"<!-- This site is optimized with the Yoast SEO plugin v14.9 - https:\/\/yoast.com\/wordpress\/plugins\/seo\/ -->\n<title>Nutrith\u00e9rapie &bull; Th\u00e9rapie &amp; Nutrition<\/title>\n<meta name=\"description\" content=\"Optimiser la sant\u00e9. Renforcer sa r\u00e9sistance aux agressions. Promouvoir le vieillissement en bonne sant\u00e9. A Bruxelles et \u00e0 Wavre.\" \/>\n<meta name=\"robots\" content=\"index, follow, max-snippet:-1, max-image-preview:large, max-video-preview:-1\" \/>\n<link rel=\"canonical\" href=\"https:\/\/www.therapienutri.com\/index.php\/nutrition\/nutritherapie\/\" \/>\n<meta property=\"og:locale\" content=\"fr_FR\" \/>\n<meta property=\"og:type\" content=\"article\" \/>\n<meta property=\"og:title\" content=\"Nutrith\u00e9rapie &bull; Th\u00e9rapie &amp; Nutrition\" \/>\n<meta property=\"og:description\" content=\"Optimiser la sant\u00e9. Renforcer sa r\u00e9sistance aux agressions. Promouvoir le vieillissement en bonne sant\u00e9. A Bruxelles et \u00e0 Wavre.\" \/>\n<meta property=\"og:url\" content=\"https:\/\/www.therapienutri.com\/index.php\/nutrition\/nutritherapie\/\" \/>\n<meta property=\"og:site_name\" content=\"Th\u00e9rapieNutri\" \/>\n<meta property=\"article:modified_time\" content=\"2024-08-20T09:55:11+00:00\" \/>\n<meta name=\"twitter:card\" content=\"summary_large_image\" \/>\n<script type=\"application\/ld+json\" class=\"yoast-schema-graph\">{\"@context\":\"https:\/\/schema.org\",\"@graph\":[{\"@type\":\"WebSite\",\"@id\":\"https:\/\/www.therapienutri.com\/#website\",\"url\":\"https:\/\/www.therapienutri.com\/\",\"name\":\"Th\\u00e9rapieNutri\",\"description\":\"\",\"potentialAction\":[{\"@type\":\"SearchAction\",\"target\":\"https:\/\/www.therapienutri.com\/?s={search_term_string}\",\"query-input\":\"required name=search_term_string\"}],\"inLanguage\":\"fr-FR\"},{\"@type\":\"WebPage\",\"@id\":\"https:\/\/www.therapienutri.com\/index.php\/nutrition\/nutritherapie\/#webpage\",\"url\":\"https:\/\/www.therapienutri.com\/index.php\/nutrition\/nutritherapie\/\",\"name\":\"Nutrith\\u00e9rapie &bull; Th\\u00e9rapie & Nutrition\",\"isPartOf\":{\"@id\":\"https:\/\/www.therapienutri.com\/#website\"},\"datePublished\":\"2020-08-08T12:13:39+00:00\",\"dateModified\":\"2024-08-20T09:55:11+00:00\",\"description\":\"Optimiser la sant\\u00e9. Renforcer sa r\\u00e9sistance aux agressions. Promouvoir le vieillissement en bonne sant\\u00e9. A Bruxelles et \\u00e0 Wavre.\",\"inLanguage\":\"fr-FR\",\"potentialAction\":[{\"@type\":\"ReadAction\",\"target\":[\"https:\/\/www.therapienutri.com\/index.php\/nutrition\/nutritherapie\/\"]}]}]}<\/script>\n<!-- \/ Yoast SEO plugin. -->","_links":{"self":[{"href":"https:\/\/www.therapienutri.com\/index.php\/wp-json\/wp\/v2\/pages\/111"}],"collection":[{"href":"https:\/\/www.therapienutri.com\/index.php\/wp-json\/wp\/v2\/pages"}],"about":[{"href":"https:\/\/www.therapienutri.com\/index.php\/wp-json\/wp\/v2\/types\/page"}],"author":[{"embeddable":true,"href":"https:\/\/www.therapienutri.com\/index.php\/wp-json\/wp\/v2\/users\/1"}],"replies":[{"embeddable":true,"href":"https:\/\/www.therapienutri.com\/index.php\/wp-json\/wp\/v2\/comments?post=111"}],"version-history":[{"count":48,"href":"https:\/\/www.therapienutri.com\/index.php\/wp-json\/wp\/v2\/pages\/111\/revisions"}],"predecessor-version":[{"id":1261,"href":"https:\/\/www.therapienutri.com\/index.php\/wp-json\/wp\/v2\/pages\/111\/revisions\/1261"}],"up":[{"embeddable":true,"href":"https:\/\/www.therapienutri.com\/index.php\/wp-json\/wp\/v2\/pages\/109"}],"wp:attachment":[{"href":"https:\/\/www.therapienutri.com\/index.php\/wp-json\/wp\/v2\/media?parent=111"}],"curies":[{"name":"wp","href":"https:\/\/api.w.org\/{rel}","templated":true}]}}