{"id":119,"date":"2020-08-08T14:21:52","date_gmt":"2020-08-08T12:21:52","guid":{"rendered":"http:\/\/therapienutri.com\/?page_id=119"},"modified":"2024-08-20T12:09:04","modified_gmt":"2024-08-20T10:09:04","slug":"hypnose-conversationnelle","status":"publish","type":"page","link":"https:\/\/www.therapienutri.com\/index.php\/therapie\/hypnose-conversationnelle\/","title":{"rendered":"Hypnose conversationnelle strat\u00e9gique &#8211; PTR"},"content":{"rendered":"\t\t<div data-elementor-type=\"wp-page\" data-elementor-id=\"119\" class=\"elementor elementor-119\" data-elementor-settings=\"[]\">\n\t\t\t\t\t\t<div class=\"elementor-inner\">\n\t\t\t\t\t\t\t<div class=\"elementor-section-wrap\">\n\t\t\t\t\t\t\t<section class=\"elementor-section elementor-top-section elementor-element elementor-element-15a782e elementor-section-full_width elementor-section-height-min-height elementor-section-content-top elementor-hidden-phone elementor-section-height-default elementor-section-items-middle\" data-id=\"15a782e\" data-element_type=\"section\">\n\t\t\t\t\t\t\t<div class=\"elementor-background-overlay\"><\/div>\n\t\t\t\t\t\t\t<div class=\"elementor-container elementor-column-gap-default\">\n\t\t\t\t\t\t\t<div class=\"elementor-row\">\n\t\t\t\t\t<div class=\"elementor-column elementor-col-100 elementor-top-column elementor-element elementor-element-df8c06d\" data-id=\"df8c06d\" data-element_type=\"column\" data-settings=\"{&quot;background_background&quot;:&quot;classic&quot;}\">\n\t\t\t<div class=\"elementor-column-wrap elementor-element-populated\">\n\t\t\t\t\t\t\t<div class=\"elementor-widget-wrap\">\n\t\t\t\t\t\t<div class=\"elementor-element elementor-element-ac2cc4c elementor-invisible elementor-widget elementor-widget-text-editor\" data-id=\"ac2cc4c\" data-element_type=\"widget\" data-settings=\"{&quot;_animation&quot;:&quot;slideInDown&quot;,&quot;_animation_delay&quot;:500}\" data-widget_type=\"text-editor.default\">\n\t\t\t\t<div class=\"elementor-widget-container\">\n\t\t\t\t\t<div class=\"elementor-text-editor elementor-clearfix\"><p>Hypnose conversationnelle<\/p><p>strat\u00e9gique PTR<\/p><\/div>\n\t\t\t\t<\/div>\n\t\t\t\t<\/div>\n\t\t\t\t<section class=\"elementor-section elementor-inner-section elementor-element elementor-element-6c741e3 elementor-section-boxed elementor-section-height-default elementor-section-height-default\" data-id=\"6c741e3\" data-element_type=\"section\">\n\t\t\t\t\t\t<div class=\"elementor-container elementor-column-gap-default\">\n\t\t\t\t\t\t\t<div class=\"elementor-row\">\n\t\t\t\t\t<div class=\"elementor-column elementor-col-100 elementor-inner-column elementor-element elementor-element-dab7c83\" data-id=\"dab7c83\" data-element_type=\"column\">\n\t\t\t<div class=\"elementor-column-wrap elementor-element-populated\">\n\t\t\t\t\t\t\t<div class=\"elementor-widget-wrap\">\n\t\t\t\t\t\t<div class=\"elementor-element elementor-element-afdd743 elementor-align-center elementor-invisible elementor-widget elementor-widget-button\" data-id=\"afdd743\" data-element_type=\"widget\" data-settings=\"{&quot;_animation&quot;:&quot;slideInDown&quot;}\" data-widget_type=\"button.default\">\n\t\t\t\t<div class=\"elementor-widget-container\">\n\t\t\t\t\t<div class=\"elementor-button-wrapper\">\n\t\t\t<a href=\"https:\/\/www.therapienutri.com\/index.php\/consultations-therapie-nutrition\/\" class=\"elementor-button-link elementor-button elementor-size-md\" role=\"button\">\n\t\t\t\t\t\t<span class=\"elementor-button-content-wrapper\">\n\t\t\t\t\t\t<span class=\"elementor-button-text\">Prendre rendez-vous<\/span>\n\t\t<\/span>\n\t\t\t\t\t<\/a>\n\t\t<\/div>\n\t\t\t\t<\/div>\n\t\t\t\t<\/div>\n\t\t\t\t\t\t<\/div>\n\t\t\t\t\t<\/div>\n\t\t<\/div>\n\t\t\t\t\t\t\t\t<\/div>\n\t\t\t\t\t<\/div>\n\t\t<\/section>\n\t\t\t\t\t\t<\/div>\n\t\t\t\t\t<\/div>\n\t\t<\/div>\n\t\t\t\t\t\t\t\t<\/div>\n\t\t\t\t\t<\/div>\n\t\t<\/section>\n\t\t\t\t<section class=\"elementor-section elementor-top-section elementor-element elementor-element-7289dd5 elementor-section-full_width elementor-section-content-top elementor-hidden-desktop elementor-hidden-tablet elementor-section-height-default elementor-section-height-default\" data-id=\"7289dd5\" data-element_type=\"section\">\n\t\t\t\t\t\t\t<div class=\"elementor-background-overlay\"><\/div>\n\t\t\t\t\t\t\t<div class=\"elementor-container elementor-column-gap-default\">\n\t\t\t\t\t\t\t<div class=\"elementor-row\">\n\t\t\t\t\t<div class=\"elementor-column elementor-col-100 elementor-top-column elementor-element elementor-element-8ef7c87\" data-id=\"8ef7c87\" data-element_type=\"column\" data-settings=\"{&quot;background_background&quot;:&quot;classic&quot;}\">\n\t\t\t<div class=\"elementor-column-wrap elementor-element-populated\">\n\t\t\t\t\t\t\t<div class=\"elementor-widget-wrap\">\n\t\t\t\t\t\t<div class=\"elementor-element elementor-element-50b15ab elementor-invisible elementor-widget elementor-widget-text-editor\" data-id=\"50b15ab\" data-element_type=\"widget\" data-settings=\"{&quot;_animation&quot;:&quot;slideInDown&quot;,&quot;_animation_delay&quot;:500}\" data-widget_type=\"text-editor.default\">\n\t\t\t\t<div class=\"elementor-widget-container\">\n\t\t\t\t\t<div class=\"elementor-text-editor elementor-clearfix\">Hypnose conversationnelle<br \/>\nstrat\u00e9gique PTR<\/div>\n\t\t\t\t<\/div>\n\t\t\t\t<\/div>\n\t\t\t\t<section class=\"elementor-section elementor-inner-section elementor-element elementor-element-0893841 elementor-section-boxed elementor-section-height-default elementor-section-height-default\" data-id=\"0893841\" data-element_type=\"section\">\n\t\t\t\t\t\t<div class=\"elementor-container elementor-column-gap-default\">\n\t\t\t\t\t\t\t<div class=\"elementor-row\">\n\t\t\t\t\t<div class=\"elementor-column elementor-col-100 elementor-inner-column elementor-element elementor-element-e10e5cf\" data-id=\"e10e5cf\" data-element_type=\"column\">\n\t\t\t<div class=\"elementor-column-wrap elementor-element-populated\">\n\t\t\t\t\t\t\t<div class=\"elementor-widget-wrap\">\n\t\t\t\t\t\t<div class=\"elementor-element elementor-element-61cfd66 elementor-align-center elementor-invisible elementor-widget elementor-widget-button\" data-id=\"61cfd66\" data-element_type=\"widget\" data-settings=\"{&quot;_animation&quot;:&quot;slideInDown&quot;}\" data-widget_type=\"button.default\">\n\t\t\t\t<div class=\"elementor-widget-container\">\n\t\t\t\t\t<div class=\"elementor-button-wrapper\">\n\t\t\t<a href=\"https:\/\/www.therapienutri.com\/index.php\/consultations-therapie-nutrition\/\" class=\"elementor-button-link elementor-button elementor-size-md\" role=\"button\">\n\t\t\t\t\t\t<span class=\"elementor-button-content-wrapper\">\n\t\t\t\t\t\t<span class=\"elementor-button-text\">Prendre rendez-vous<\/span>\n\t\t<\/span>\n\t\t\t\t\t<\/a>\n\t\t<\/div>\n\t\t\t\t<\/div>\n\t\t\t\t<\/div>\n\t\t\t\t\t\t<\/div>\n\t\t\t\t\t<\/div>\n\t\t<\/div>\n\t\t\t\t\t\t\t\t<\/div>\n\t\t\t\t\t<\/div>\n\t\t<\/section>\n\t\t\t\t\t\t<\/div>\n\t\t\t\t\t<\/div>\n\t\t<\/div>\n\t\t\t\t\t\t\t\t<\/div>\n\t\t\t\t\t<\/div>\n\t\t<\/section>\n\t\t\t\t<section class=\"elementor-section elementor-top-section elementor-element elementor-element-27ed1ea elementor-hidden-phone elementor-section-boxed elementor-section-height-default elementor-section-height-default\" data-id=\"27ed1ea\" data-element_type=\"section\">\n\t\t\t\t\t\t<div class=\"elementor-container elementor-column-gap-default\">\n\t\t\t\t\t\t\t<div class=\"elementor-row\">\n\t\t\t\t\t<div class=\"elementor-column elementor-col-100 elementor-top-column elementor-element elementor-element-ce20925\" data-id=\"ce20925\" data-element_type=\"column\">\n\t\t\t<div class=\"elementor-column-wrap elementor-element-populated\">\n\t\t\t\t\t\t\t<div class=\"elementor-widget-wrap\">\n\t\t\t\t\t\t<div class=\"elementor-element elementor-element-d9d9a06 elementor-widget elementor-widget-spacer\" data-id=\"d9d9a06\" data-element_type=\"widget\" data-widget_type=\"spacer.default\">\n\t\t\t\t<div class=\"elementor-widget-container\">\n\t\t\t\t\t<div class=\"elementor-spacer\">\n\t\t\t<div class=\"elementor-spacer-inner\"><\/div>\n\t\t<\/div>\n\t\t\t\t<\/div>\n\t\t\t\t<\/div>\n\t\t\t\t\t\t<\/div>\n\t\t\t\t\t<\/div>\n\t\t<\/div>\n\t\t\t\t\t\t\t\t<\/div>\n\t\t\t\t\t<\/div>\n\t\t<\/section>\n\t\t\t\t<section class=\"elementor-section elementor-top-section elementor-element elementor-element-b1b692a elementor-section-boxed elementor-section-height-default elementor-section-height-default\" data-id=\"b1b692a\" data-element_type=\"section\">\n\t\t\t\t\t\t<div class=\"elementor-container elementor-column-gap-default\">\n\t\t\t\t\t\t\t<div class=\"elementor-row\">\n\t\t\t\t\t<div class=\"elementor-column elementor-col-100 elementor-top-column elementor-element elementor-element-0eee9a6\" data-id=\"0eee9a6\" data-element_type=\"column\">\n\t\t\t<div class=\"elementor-column-wrap elementor-element-populated\">\n\t\t\t\t\t\t\t<div class=\"elementor-widget-wrap\">\n\t\t\t\t\t\t<div class=\"elementor-element elementor-element-e63cf3b elementor-widget elementor-widget-text-editor\" data-id=\"e63cf3b\" data-element_type=\"widget\" data-widget_type=\"text-editor.default\">\n\t\t\t\t<div class=\"elementor-widget-container\">\n\t\t\t\t\t<div class=\"elementor-text-editor elementor-clearfix\"><p><em>&#8220;L\u2019hypnose th\u00e9rapeutique n\u2019est pas le fruit de la suggestion, mais celui de l\u2019usage de l\u2019imaginaire et de la m\u00e9moire&#8221;<\/em><\/p><\/div>\n\t\t\t\t<\/div>\n\t\t\t\t<\/div>\n\t\t\t\t<div class=\"elementor-element elementor-element-bfbee8f elementor-widget elementor-widget-text-editor\" data-id=\"bfbee8f\" data-element_type=\"widget\" data-widget_type=\"text-editor.default\">\n\t\t\t\t<div class=\"elementor-widget-container\">\n\t\t\t\t\t<div class=\"elementor-text-editor elementor-clearfix\"><p>La PTR (Psychoth\u00e9rapie du Traumatisme R\u00e9associative) a \u00e9t\u00e9 invent\u00e9e, th\u00e9oris\u00e9e et mise en pratique par G\u00e9rald Brassine, fondateur de l&#8217;Institut Milton H. Erickson de Belgique.<br \/>Dans cette hypnose th\u00e9rapeutique, le patient est actif, parle et \u00e9change avec le th\u00e9rapeute, \u00e0 partir d\u2019un objectif de travail.<br \/>A aucun moment le patient n\u2019est endormi, ni domin\u00e9. Il reprend le contr\u00f4le. Il est libre de refuser ou de modifier les propositions th\u00e9rapeutiques que lui fait le th\u00e9rapeute. Jamais le patient ne dit ou fait quoi que ce soit contre sa volont\u00e9.<\/p><p>Dans cet <strong>\u00e9tat modifi\u00e9 de conscience<\/strong>, le patient est \u00e0 m\u00eame de contr\u00f4ler son syst\u00e8me nerveux autonome, ses \u00e9motions, ses sensations et ses douleurs psychosomatiques.<br \/>Le patient est guid\u00e9 dans son inconscient par le th\u00e9rapeute qui l\u2019accompagne avec bienveillance, d\u00e9licatesse, en toute s\u00e9curit\u00e9 et sans souffrance.<br \/><strong>La Psychoth\u00e9rapie du Trauma R\u00e9associative (PTR) permet une r\u00e9association harmonieuse des \u00e9l\u00e9ments de la personnalit\u00e9 qui se sont &#8220;dissoci\u00e9s&#8221; lors d\u2019un incident traumatique. En d\u00e9sensibilisant les \u00e9l\u00e9ments pass\u00e9s douloureux, \u00e9motionnellement ou physiquement, la PTR (imheb) permet ainsi de soigner les sympt\u00f4mes qui en d\u00e9coulent.<\/strong><\/p><\/div>\n\t\t\t\t<\/div>\n\t\t\t\t<\/div>\n\t\t\t\t\t\t<\/div>\n\t\t\t\t\t<\/div>\n\t\t<\/div>\n\t\t\t\t\t\t\t\t<\/div>\n\t\t\t\t\t<\/div>\n\t\t<\/section>\n\t\t\t\t<section class=\"elementor-section elementor-top-section elementor-element elementor-element-db91b2e elementor-section-boxed elementor-section-height-default elementor-section-height-default\" data-id=\"db91b2e\" data-element_type=\"section\">\n\t\t\t\t\t\t<div class=\"elementor-container elementor-column-gap-default\">\n\t\t\t\t\t\t\t<div class=\"elementor-row\">\n\t\t\t\t\t<div class=\"elementor-column elementor-col-100 elementor-top-column elementor-element elementor-element-c1ec34d\" data-id=\"c1ec34d\" data-element_type=\"column\">\n\t\t\t<div class=\"elementor-column-wrap elementor-element-populated\">\n\t\t\t\t\t\t\t<div class=\"elementor-widget-wrap\">\n\t\t\t\t\t\t<div class=\"elementor-element elementor-element-607834f elementor-widget elementor-widget-divider\" data-id=\"607834f\" data-element_type=\"widget\" data-widget_type=\"divider.default\">\n\t\t\t\t<div class=\"elementor-widget-container\">\n\t\t\t\t\t<div class=\"elementor-divider\">\n\t\t\t<span class=\"elementor-divider-separator\">\n\t\t\t\t\t\t<\/span>\n\t\t<\/div>\n\t\t\t\t<\/div>\n\t\t\t\t<\/div>\n\t\t\t\t\t\t<\/div>\n\t\t\t\t\t<\/div>\n\t\t<\/div>\n\t\t\t\t\t\t\t\t<\/div>\n\t\t\t\t\t<\/div>\n\t\t<\/section>\n\t\t\t\t<section class=\"elementor-section elementor-top-section elementor-element elementor-element-b3a6680 elementor-section-boxed elementor-section-height-default elementor-section-height-default\" data-id=\"b3a6680\" data-element_type=\"section\">\n\t\t\t\t\t\t<div class=\"elementor-container elementor-column-gap-wider\">\n\t\t\t\t\t\t\t<div class=\"elementor-row\">\n\t\t\t\t\t<div class=\"elementor-column elementor-col-100 elementor-top-column elementor-element elementor-element-d6fc78c\" data-id=\"d6fc78c\" data-element_type=\"column\">\n\t\t\t<div class=\"elementor-column-wrap elementor-element-populated\">\n\t\t\t\t\t\t\t<div class=\"elementor-widget-wrap\">\n\t\t\t\t\t\t<div class=\"elementor-element elementor-element-ccb1a35 elementor-widget elementor-widget-text-editor\" data-id=\"ccb1a35\" data-element_type=\"widget\" data-widget_type=\"text-editor.default\">\n\t\t\t\t<div class=\"elementor-widget-container\">\n\t\t\t\t\t<div class=\"elementor-text-editor elementor-clearfix\"><h2 style=\"text-align: left;\">Objectif de l\u2019Hypnose conversationnelle strat\u00e9gique \u2013 PTR<\/h2><p>Dans <strong>le traitement des traumas et des \u00e9quivalents traumatiques<\/strong> : un \u00e9tat modifi\u00e9 de conscience, doubl\u00e9 d\u2019un mode conversationnel respectueux et bien conduit, permet d\u2019op\u00e9rer tout en douceur les changements n\u00e9cessaires sur les traces apparemment ind\u00e9l\u00e9biles des traumas.Dans <strong>le traitement des maladies psychosomatiques<\/strong> : nombre de patients gu\u00e9rissent de leurs maux physiques une fois qu\u2019ils ont retrouv\u00e9 leurs origines et insensibilis\u00e9 les \u00e9motions dissoci\u00e9es d\u00e9coulant d\u2019un incident ou d\u2019\u00e9quivalents traumatiques.<br \/>En <strong>psychoth\u00e9rapie g\u00e9n\u00e9rale<\/strong> : toutes les souffrances humaines ne d\u00e9coulent pas forc\u00e9ment de situations traumatiques mais dans nombre d\u2019autres cas l\u2019hypnose permet de travailler au bon niveau (l\u2019inconscient) et d\u2019ainsi r\u00e9duire radicalement le temps des th\u00e9rapies.<br \/>Avec l\u2019hypnose conversationnelle strat\u00e9gique, th\u00e9rapeute et patient collaborent v\u00e9ritablement afin de d\u00e9sensibiliser les \u00e9l\u00e9ments pass\u00e9s douloureux, \u00e9motionnellement ou physiquement, et soignent les sympt\u00f4mes qui en d\u00e9coulent : flashbacks, cauchemars, perte d\u2019estime de soi, d\u00e9pression\u2026et maladies psychosomatiques pour lesquelles elle est particuli\u00e8rement efficace !<\/p><\/div>\n\t\t\t\t<\/div>\n\t\t\t\t<\/div>\n\t\t\t\t\t\t<\/div>\n\t\t\t\t\t<\/div>\n\t\t<\/div>\n\t\t\t\t\t\t\t\t<\/div>\n\t\t\t\t\t<\/div>\n\t\t<\/section>\n\t\t\t\t<section class=\"elementor-section elementor-top-section elementor-element elementor-element-b6b3610 elementor-section-boxed elementor-section-height-default elementor-section-height-default\" data-id=\"b6b3610\" data-element_type=\"section\">\n\t\t\t\t\t\t<div class=\"elementor-container elementor-column-gap-wider\">\n\t\t\t\t\t\t\t<div class=\"elementor-row\">\n\t\t\t\t\t<div class=\"elementor-column elementor-col-100 elementor-top-column elementor-element elementor-element-8d311ff\" data-id=\"8d311ff\" data-element_type=\"column\">\n\t\t\t<div class=\"elementor-column-wrap elementor-element-populated\">\n\t\t\t\t\t\t\t<div class=\"elementor-widget-wrap\">\n\t\t\t\t\t\t<div class=\"elementor-element elementor-element-b4701e6 elementor-widget elementor-widget-text-editor\" data-id=\"b4701e6\" data-element_type=\"widget\" data-widget_type=\"text-editor.default\">\n\t\t\t\t<div class=\"elementor-widget-container\">\n\t\t\t\t\t<div class=\"elementor-text-editor elementor-clearfix\"><h2 style=\"text-align: left;\">Domaines d\u2019utilisation de l\u2019Hypnose conversationnelle strat\u00e9gique \u2013 PTR<\/h2><p><strong><img loading=\"lazy\" class=\"alignleft wp-image-607 size-full\" src=\"http:\/\/therapienutri.com\/wp-content\/uploads\/2020\/09\/suite-de-Fibonacci-spirale-en-forme-de-coquillage-escalier-resized-2-450x280-1.jpg\" alt=\"\" width=\"450\" height=\"280\" srcset=\"https:\/\/www.therapienutri.com\/wp-content\/uploads\/2020\/09\/suite-de-Fibonacci-spirale-en-forme-de-coquillage-escalier-resized-2-450x280-1.jpg 450w, https:\/\/www.therapienutri.com\/wp-content\/uploads\/2020\/09\/suite-de-Fibonacci-spirale-en-forme-de-coquillage-escalier-resized-2-450x280-1-300x187.jpg 300w\" sizes=\"(max-width: 450px) 100vw, 450px\" \/>L\u2019Hypnose conversationnelle strat\u00e9gique-PTR (Psychoth\u00e9rapie du Trauma R\u00e9associative)<\/strong> est une hypnoth\u00e9rapie efficace :<\/p><ul><li><strong>Dans le traitement des traumas (\u00e9tat de stress post-traumatiques)<\/strong> : <strong><em>abus sexuel<\/em><\/strong>, viol, <strong><em>accident, agression<\/em><\/strong>, attentat, fait de guerre, catastrophe naturelle, deuil, avortement, fausse couche, accident lors de l\u2019accouchement ou mort de tout-petit, <strong><em>s\u00e9paration ou divorce difficile<\/em><\/strong>\u2026<\/li><li><strong>Dans le traitement des \u00e9quivalents traumatiques<\/strong> : harc\u00e8lement au travail ou \u00e0 l\u2019\u00e9cole, <strong><em>manipulation, d\u00e9valorisation ou humiliation<\/em><\/strong> de la part du partenaire ou des parents\u2026<\/li><li><strong>Dans le traitement des maladies psychosomatiques<\/strong> : maladies des voies digestives, de la peau, douleurs du dos, asthme, migraine\u2026<\/li><li><strong>En psychoth\u00e9rapie g\u00e9n\u00e9rale <\/strong>: <strong><em>d\u00e9pression<\/em><\/strong>, <strong><em>burn out<\/em><\/strong>, <strong><em>phobie, angoisse, anxi\u00e9t\u00e9, stress<\/em><\/strong>,\u00a0<strong><em>d\u00e9pendance <\/em><\/strong>(tabac, alcool, drogue, m\u00e9dicament, jeu, pornographie\u2026), manque de confiance en soi, sous-estime de soi, r\u00e9p\u00e9tition des mauvais choix de vie, TOC, troubles du sommeil (insomnie, cauchemars\u2026), troubles alimentaires, prise de parole en public, pr\u00e9paration \u00e0 une op\u00e9ration chirurgicale ou \u00e0 un accouchement\u2026<\/li><\/ul><p><i>Source : <a href=\"https:\/\/www.imheb.be\/\" target=\"_blank\" rel=\"noopener\">imheb<\/a><\/i><\/p><\/div>\n\t\t\t\t<\/div>\n\t\t\t\t<\/div>\n\t\t\t\t\t\t<\/div>\n\t\t\t\t\t<\/div>\n\t\t<\/div>\n\t\t\t\t\t\t\t\t<\/div>\n\t\t\t\t\t<\/div>\n\t\t<\/section>\n\t\t\t\t\t\t<\/div>\n\t\t\t\t\t\t<\/div>\n\t\t\t\t\t<\/div>\n\t\t","protected":false},"excerpt":{"rendered":"<p>Hypnose conversationnelle strat\u00e9gique PTR Prendre rendez-vous Hypnose conversationnelle strat\u00e9gique PTR Prendre rendez-vous &#8220;L\u2019hypnose th\u00e9rapeutique n\u2019est pas le fruit de la suggestion, mais celui de l\u2019usage de l\u2019imaginaire et de la m\u00e9moire&#8221; La PTR (Psychoth\u00e9rapie du Traumatisme R\u00e9associative) a \u00e9t\u00e9 invent\u00e9e, th\u00e9oris\u00e9e et mise en pratique par G\u00e9rald Brassine, fondateur de l&#8217;Institut Milton H. Erickson de [&hellip;]<\/p>\n","protected":false},"author":1,"featured_media":0,"parent":118,"menu_order":21,"comment_status":"closed","ping_status":"closed","template":"elementor_header_footer","meta":[],"yoast_head":"<!-- This site is optimized with the Yoast SEO plugin v14.9 - https:\/\/yoast.com\/wordpress\/plugins\/seo\/ -->\n<title>Hypnose conversationnelle strat\u00e9gique - PTR &bull; Th\u00e9rapie &amp; Nutrition<\/title>\n<meta name=\"description\" content=\"Dans cette hypnose th\u00e9rapeutique, le patient est actif et \u00e9change avec le th\u00e9rapeute, \u00e0 partir d\u2019un objectif. A Bruxelles et \u00e0 Wavre.\" \/>\n<meta name=\"robots\" content=\"index, follow, max-snippet:-1, max-image-preview:large, max-video-preview:-1\" \/>\n<link rel=\"canonical\" href=\"https:\/\/www.therapienutri.com\/index.php\/therapie\/hypnose-conversationnelle\/\" \/>\n<meta property=\"og:locale\" content=\"fr_FR\" \/>\n<meta property=\"og:type\" content=\"article\" \/>\n<meta property=\"og:title\" content=\"Hypnose conversationnelle strat\u00e9gique - PTR &bull; Th\u00e9rapie &amp; Nutrition\" \/>\n<meta property=\"og:description\" content=\"Dans cette hypnose th\u00e9rapeutique, le patient est actif et \u00e9change avec le th\u00e9rapeute, \u00e0 partir d\u2019un objectif. A Bruxelles et \u00e0 Wavre.\" \/>\n<meta property=\"og:url\" content=\"https:\/\/www.therapienutri.com\/index.php\/therapie\/hypnose-conversationnelle\/\" \/>\n<meta property=\"og:site_name\" content=\"Th\u00e9rapieNutri\" \/>\n<meta property=\"article:modified_time\" content=\"2024-08-20T10:09:04+00:00\" \/>\n<meta property=\"og:image\" content=\"http:\/\/therapienutri.com\/wp-content\/uploads\/2020\/09\/suite-de-Fibonacci-spirale-en-forme-de-coquillage-escalier-resized-2-450x280-1.jpg\" \/>\n<meta name=\"twitter:card\" content=\"summary_large_image\" \/>\n<script type=\"application\/ld+json\" class=\"yoast-schema-graph\">{\"@context\":\"https:\/\/schema.org\",\"@graph\":[{\"@type\":\"WebSite\",\"@id\":\"https:\/\/www.therapienutri.com\/#website\",\"url\":\"https:\/\/www.therapienutri.com\/\",\"name\":\"Th\\u00e9rapieNutri\",\"description\":\"\",\"potentialAction\":[{\"@type\":\"SearchAction\",\"target\":\"https:\/\/www.therapienutri.com\/?s={search_term_string}\",\"query-input\":\"required name=search_term_string\"}],\"inLanguage\":\"fr-FR\"},{\"@type\":\"ImageObject\",\"@id\":\"https:\/\/www.therapienutri.com\/index.php\/therapie\/hypnose-conversationnelle\/#primaryimage\",\"inLanguage\":\"fr-FR\",\"url\":\"http:\/\/therapienutri.com\/wp-content\/uploads\/2020\/09\/suite-de-Fibonacci-spirale-en-forme-de-coquillage-escalier-resized-2-450x280-1.jpg\"},{\"@type\":\"WebPage\",\"@id\":\"https:\/\/www.therapienutri.com\/index.php\/therapie\/hypnose-conversationnelle\/#webpage\",\"url\":\"https:\/\/www.therapienutri.com\/index.php\/therapie\/hypnose-conversationnelle\/\",\"name\":\"Hypnose conversationnelle strat\\u00e9gique - PTR &bull; Th\\u00e9rapie & Nutrition\",\"isPartOf\":{\"@id\":\"https:\/\/www.therapienutri.com\/#website\"},\"primaryImageOfPage\":{\"@id\":\"https:\/\/www.therapienutri.com\/index.php\/therapie\/hypnose-conversationnelle\/#primaryimage\"},\"datePublished\":\"2020-08-08T12:21:52+00:00\",\"dateModified\":\"2024-08-20T10:09:04+00:00\",\"description\":\"Dans cette hypnose th\\u00e9rapeutique, le patient est actif et \\u00e9change avec le th\\u00e9rapeute, \\u00e0 partir d\\u2019un objectif. A Bruxelles et \\u00e0 Wavre.\",\"inLanguage\":\"fr-FR\",\"potentialAction\":[{\"@type\":\"ReadAction\",\"target\":[\"https:\/\/www.therapienutri.com\/index.php\/therapie\/hypnose-conversationnelle\/\"]}]}]}<\/script>\n<!-- \/ Yoast SEO plugin. -->","_links":{"self":[{"href":"https:\/\/www.therapienutri.com\/index.php\/wp-json\/wp\/v2\/pages\/119"}],"collection":[{"href":"https:\/\/www.therapienutri.com\/index.php\/wp-json\/wp\/v2\/pages"}],"about":[{"href":"https:\/\/www.therapienutri.com\/index.php\/wp-json\/wp\/v2\/types\/page"}],"author":[{"embeddable":true,"href":"https:\/\/www.therapienutri.com\/index.php\/wp-json\/wp\/v2\/users\/1"}],"replies":[{"embeddable":true,"href":"https:\/\/www.therapienutri.com\/index.php\/wp-json\/wp\/v2\/comments?post=119"}],"version-history":[{"count":55,"href":"https:\/\/www.therapienutri.com\/index.php\/wp-json\/wp\/v2\/pages\/119\/revisions"}],"predecessor-version":[{"id":1279,"href":"https:\/\/www.therapienutri.com\/index.php\/wp-json\/wp\/v2\/pages\/119\/revisions\/1279"}],"up":[{"embeddable":true,"href":"https:\/\/www.therapienutri.com\/index.php\/wp-json\/wp\/v2\/pages\/118"}],"wp:attachment":[{"href":"https:\/\/www.therapienutri.com\/index.php\/wp-json\/wp\/v2\/media?parent=119"}],"curies":[{"name":"wp","href":"https:\/\/api.w.org\/{rel}","templated":true}]}}