{"id":133,"date":"2020-08-08T14:32:01","date_gmt":"2020-08-08T12:32:01","guid":{"rendered":"http:\/\/therapienutri.com\/?page_id=133"},"modified":"2024-08-20T12:33:35","modified_gmt":"2024-08-20T10:33:35","slug":"blog","status":"publish","type":"page","link":"https:\/\/www.therapienutri.com\/index.php\/blog\/","title":{"rendered":"Blog"},"content":{"rendered":"\t\t<div data-elementor-type=\"wp-page\" data-elementor-id=\"133\" class=\"elementor elementor-133\" data-elementor-settings=\"[]\">\n\t\t\t\t\t\t<div class=\"elementor-inner\">\n\t\t\t\t\t\t\t<div class=\"elementor-section-wrap\">\n\t\t\t\t\t\t\t<section class=\"elementor-section elementor-top-section elementor-element elementor-element-f0325ca elementor-section-full_width elementor-section-height-min-height elementor-section-content-top elementor-hidden-phone elementor-section-height-default elementor-section-items-middle\" data-id=\"f0325ca\" data-element_type=\"section\">\n\t\t\t\t\t\t\t<div class=\"elementor-background-overlay\"><\/div>\n\t\t\t\t\t\t\t<div class=\"elementor-container elementor-column-gap-default\">\n\t\t\t\t\t\t\t<div class=\"elementor-row\">\n\t\t\t\t\t<div class=\"elementor-column elementor-col-100 elementor-top-column elementor-element elementor-element-80a2444\" data-id=\"80a2444\" data-element_type=\"column\" data-settings=\"{&quot;background_background&quot;:&quot;classic&quot;}\">\n\t\t\t<div class=\"elementor-column-wrap elementor-element-populated\">\n\t\t\t\t\t\t\t<div class=\"elementor-widget-wrap\">\n\t\t\t\t\t\t<div class=\"elementor-element elementor-element-285f10b elementor-invisible elementor-widget elementor-widget-text-editor\" data-id=\"285f10b\" data-element_type=\"widget\" data-settings=\"{&quot;_animation&quot;:&quot;slideInDown&quot;,&quot;_animation_delay&quot;:500}\" data-widget_type=\"text-editor.default\">\n\t\t\t\t<div class=\"elementor-widget-container\">\n\t\t\t\t\t<div class=\"elementor-text-editor elementor-clearfix\"><p>Blog<\/p><\/div>\n\t\t\t\t<\/div>\n\t\t\t\t<\/div>\n\t\t\t\t<section class=\"elementor-section elementor-inner-section elementor-element elementor-element-c501a6d elementor-section-boxed elementor-section-height-default elementor-section-height-default\" data-id=\"c501a6d\" data-element_type=\"section\">\n\t\t\t\t\t\t<div class=\"elementor-container elementor-column-gap-default\">\n\t\t\t\t\t\t\t<div class=\"elementor-row\">\n\t\t\t\t\t<div class=\"elementor-column elementor-col-100 elementor-inner-column elementor-element elementor-element-468d5f5\" data-id=\"468d5f5\" data-element_type=\"column\">\n\t\t\t<div class=\"elementor-column-wrap elementor-element-populated\">\n\t\t\t\t\t\t\t<div class=\"elementor-widget-wrap\">\n\t\t\t\t\t\t<div class=\"elementor-element elementor-element-d3e6fca elementor-align-center elementor-invisible elementor-widget elementor-widget-button\" data-id=\"d3e6fca\" data-element_type=\"widget\" data-settings=\"{&quot;_animation&quot;:&quot;slideInDown&quot;}\" data-widget_type=\"button.default\">\n\t\t\t\t<div class=\"elementor-widget-container\">\n\t\t\t\t\t<div class=\"elementor-button-wrapper\">\n\t\t\t<a href=\"https:\/\/www.therapienutri.com\/index.php\/consultations-therapie-nutrition\/\" class=\"elementor-button-link elementor-button elementor-size-xs\" role=\"button\">\n\t\t\t\t\t\t<span class=\"elementor-button-content-wrapper\">\n\t\t\t\t\t\t<span class=\"elementor-button-text\">Prendre rendez-vous<\/span>\n\t\t<\/span>\n\t\t\t\t\t<\/a>\n\t\t<\/div>\n\t\t\t\t<\/div>\n\t\t\t\t<\/div>\n\t\t\t\t\t\t<\/div>\n\t\t\t\t\t<\/div>\n\t\t<\/div>\n\t\t\t\t\t\t\t\t<\/div>\n\t\t\t\t\t<\/div>\n\t\t<\/section>\n\t\t\t\t\t\t<\/div>\n\t\t\t\t\t<\/div>\n\t\t<\/div>\n\t\t\t\t\t\t\t\t<\/div>\n\t\t\t\t\t<\/div>\n\t\t<\/section>\n\t\t\t\t<section class=\"elementor-section elementor-top-section elementor-element elementor-element-0861f1a elementor-section-full_width elementor-section-content-top elementor-hidden-desktop elementor-hidden-tablet elementor-section-height-default elementor-section-height-default\" data-id=\"0861f1a\" data-element_type=\"section\">\n\t\t\t\t\t\t\t<div class=\"elementor-background-overlay\"><\/div>\n\t\t\t\t\t\t\t<div class=\"elementor-container elementor-column-gap-default\">\n\t\t\t\t\t\t\t<div class=\"elementor-row\">\n\t\t\t\t\t<div class=\"elementor-column elementor-col-100 elementor-top-column elementor-element elementor-element-4509ca0\" data-id=\"4509ca0\" data-element_type=\"column\" data-settings=\"{&quot;background_background&quot;:&quot;classic&quot;}\">\n\t\t\t<div class=\"elementor-column-wrap elementor-element-populated\">\n\t\t\t\t\t\t\t<div class=\"elementor-widget-wrap\">\n\t\t\t\t\t\t<div class=\"elementor-element elementor-element-3298ddb elementor-invisible elementor-widget elementor-widget-text-editor\" data-id=\"3298ddb\" data-element_type=\"widget\" data-settings=\"{&quot;_animation&quot;:&quot;slideInDown&quot;,&quot;_animation_delay&quot;:500}\" data-widget_type=\"text-editor.default\">\n\t\t\t\t<div class=\"elementor-widget-container\">\n\t\t\t\t\t<div class=\"elementor-text-editor elementor-clearfix\"><p>Blog<\/p><\/div>\n\t\t\t\t<\/div>\n\t\t\t\t<\/div>\n\t\t\t\t<section class=\"elementor-section elementor-inner-section elementor-element elementor-element-e5a9af5 elementor-section-boxed elementor-section-height-default elementor-section-height-default\" data-id=\"e5a9af5\" data-element_type=\"section\">\n\t\t\t\t\t\t<div class=\"elementor-container elementor-column-gap-default\">\n\t\t\t\t\t\t\t<div class=\"elementor-row\">\n\t\t\t\t\t<div class=\"elementor-column elementor-col-100 elementor-inner-column elementor-element elementor-element-58fe973\" data-id=\"58fe973\" data-element_type=\"column\">\n\t\t\t<div class=\"elementor-column-wrap elementor-element-populated\">\n\t\t\t\t\t\t\t<div class=\"elementor-widget-wrap\">\n\t\t\t\t\t\t<div class=\"elementor-element elementor-element-c628ce9 elementor-align-center elementor-invisible elementor-widget elementor-widget-button\" data-id=\"c628ce9\" data-element_type=\"widget\" data-settings=\"{&quot;_animation&quot;:&quot;slideInDown&quot;}\" data-widget_type=\"button.default\">\n\t\t\t\t<div class=\"elementor-widget-container\">\n\t\t\t\t\t<div class=\"elementor-button-wrapper\">\n\t\t\t<a href=\"https:\/\/www.therapienutri.com\/index.php\/consultations-therapie-nutrition\/\" class=\"elementor-button-link elementor-button elementor-size-md\" role=\"button\">\n\t\t\t\t\t\t<span class=\"elementor-button-content-wrapper\">\n\t\t\t\t\t\t<span class=\"elementor-button-text\">Prendre rendez-vous<\/span>\n\t\t<\/span>\n\t\t\t\t\t<\/a>\n\t\t<\/div>\n\t\t\t\t<\/div>\n\t\t\t\t<\/div>\n\t\t\t\t\t\t<\/div>\n\t\t\t\t\t<\/div>\n\t\t<\/div>\n\t\t\t\t\t\t\t\t<\/div>\n\t\t\t\t\t<\/div>\n\t\t<\/section>\n\t\t\t\t\t\t<\/div>\n\t\t\t\t\t<\/div>\n\t\t<\/div>\n\t\t\t\t\t\t\t\t<\/div>\n\t\t\t\t\t<\/div>\n\t\t<\/section>\n\t\t\t\t<section class=\"elementor-section elementor-top-section elementor-element elementor-element-27ed1ea elementor-hidden-phone elementor-section-boxed elementor-section-height-default elementor-section-height-default\" data-id=\"27ed1ea\" data-element_type=\"section\">\n\t\t\t\t\t\t<div class=\"elementor-container elementor-column-gap-default\">\n\t\t\t\t\t\t\t<div class=\"elementor-row\">\n\t\t\t\t\t<div class=\"elementor-column elementor-col-100 elementor-top-column elementor-element elementor-element-ce20925\" data-id=\"ce20925\" data-element_type=\"column\">\n\t\t\t<div class=\"elementor-column-wrap elementor-element-populated\">\n\t\t\t\t\t\t\t<div class=\"elementor-widget-wrap\">\n\t\t\t\t\t\t<div class=\"elementor-element elementor-element-d9d9a06 elementor-widget elementor-widget-spacer\" data-id=\"d9d9a06\" data-element_type=\"widget\" data-widget_type=\"spacer.default\">\n\t\t\t\t<div class=\"elementor-widget-container\">\n\t\t\t\t\t<div class=\"elementor-spacer\">\n\t\t\t<div class=\"elementor-spacer-inner\"><\/div>\n\t\t<\/div>\n\t\t\t\t<\/div>\n\t\t\t\t<\/div>\n\t\t\t\t\t\t<\/div>\n\t\t\t\t\t<\/div>\n\t\t<\/div>\n\t\t\t\t\t\t\t\t<\/div>\n\t\t\t\t\t<\/div>\n\t\t<\/section>\n\t\t\t\t<section class=\"elementor-section elementor-top-section elementor-element elementor-element-dd9fc84 elementor-section-boxed elementor-section-height-default elementor-section-height-default\" data-id=\"dd9fc84\" data-element_type=\"section\">\n\t\t\t\t\t\t<div class=\"elementor-container elementor-column-gap-default\">\n\t\t\t\t\t\t\t<div class=\"elementor-row\">\n\t\t\t\t\t<div class=\"elementor-column elementor-col-100 elementor-top-column elementor-element elementor-element-ac9482d\" data-id=\"ac9482d\" data-element_type=\"column\">\n\t\t\t<div class=\"elementor-column-wrap elementor-element-populated\">\n\t\t\t\t\t\t\t<div class=\"elementor-widget-wrap\">\n\t\t\t\t\t\t<div class=\"elementor-element elementor-element-c2803d6 elementor-grid-eael-col-2 elementor-grid-tablet-eael-col-2 elementor-grid-mobile-eael-col-1 elementor-widget elementor-widget-eael-post-grid\" data-id=\"c2803d6\" data-element_type=\"widget\" data-settings=\"{&quot;eael_post_grid_columns&quot;:&quot;eael-col-2&quot;,&quot;eael_post_grid_columns_tablet&quot;:&quot;eael-col-2&quot;,&quot;eael_post_grid_columns_mobile&quot;:&quot;eael-col-1&quot;}\" data-widget_type=\"eael-post-grid.default\">\n\t\t\t\t<div class=\"elementor-widget-container\">\n\t\t\t<div id=\"eael-post-grid-c2803d6\" class=\"eael-post-grid-container\">\n            <div class=\"eael-post-grid eael-post-appender eael-post-appender-c2803d6 eael-post-grid-style-default\" data-layout-mode=\"grid\">\n                <article class=\"eael-grid-post eael-post-grid-column\" data-id=\"229\">\n                        <div class=\"eael-grid-post-holder\">\n                            <div class=\"eael-grid-post-holder-inner\"><div class=\"eael-entry-media\"><div class=\"eael-entry-overlay fade-in\"><i class=\"fas fa-long-arrow-alt-right\" aria-hidden=\"true\"><\/i><a\n                                        href=\"https:\/\/www.therapienutri.com\/index.php\/2020\/08\/08\/la-nutrition-et-le-burn-out\/\"\n                                        \n                                        \n                                    ><\/a><\/div><div class=\"eael-entry-thumbnail\">\n                                <img src=\"https:\/\/www.therapienutri.com\/wp-content\/uploads\/2020\/08\/AdobeStock_830213641-300x168.jpeg\" alt=\"\">\n                            <\/div><\/div><div class=\"eael-entry-wrapper\"><header class=\"eael-entry-header\"><h2 class=\"eael-entry-title\"><a\n                class=\"eael-grid-post-link\"\n                href=\"https:\/\/www.therapienutri.com\/index.php\/2020\/08\/08\/la-nutrition-et-le-burn-out\/\"\n                title=\"La nutrition et le burnout\"\n                \n                \n                >La nutrition et le burnout<\/a><\/h2><\/header><div class=\"eael-entry-content\">\n                <div class=\"eael-grid-post-excerpt\"><p>\u00c9galement appel\u00e9 syndrome d\u2019\u00e9puisement, le burnout n\u2019est pas \u00e0 prendre \u00e0 la l\u00e9g\u00e8re. Il doit \u00eatre pris en charge et fait d\u2019ailleurs l\u2019objet d\u2019un diagnostic par un professionnel de sant\u00e9. Alors, concr\u00e8tement, comment&nbsp;l\u2019alimentation saine&nbsp;et la&nbsp;nutrith\u00e9rapie&nbsp;peuvent-elles \u00eatre des&nbsp;alli\u00e9es pr\u00e9cieuses&nbsp;dans l\u2019accompagnement de cette probl\u00e9matique ? Le burnout Il se caract\u00e9rise par un&nbsp;\u00e9tat d\u2019\u00e9puisement physique, mental et \u00e9motionnel [&hellip;]<\/p><a\n                    href=\"https:\/\/www.therapienutri.com\/index.php\/2020\/08\/08\/la-nutrition-et-le-burn-out\/\"\n                    class=\"eael-post-elements-readmore-btn\"\n                    \n                    \n                    >Lire la suite<\/a><\/div>\n            <\/div><\/div><\/div>\n                        <\/div>\n                    <\/article>\n            <\/div>\n            <div class=\"clearfix\"><\/div>\n        <\/div>\t\t<\/div>\n\t\t\t\t<\/div>\n\t\t\t\t\t\t<\/div>\n\t\t\t\t\t<\/div>\n\t\t<\/div>\n\t\t\t\t\t\t\t\t<\/div>\n\t\t\t\t\t<\/div>\n\t\t<\/section>\n\t\t\t\t\t\t<\/div>\n\t\t\t\t\t\t<\/div>\n\t\t\t\t\t<\/div>\n\t\t","protected":false},"excerpt":{"rendered":"<p>Blog Prendre rendez-vous Blog Prendre rendez-vous La nutrition et le burnout \u00c9galement appel\u00e9 syndrome d\u2019\u00e9puisement, le burnout n\u2019est pas \u00e0 prendre \u00e0 la l\u00e9g\u00e8re. Il doit \u00eatre pris en charge et fait d\u2019ailleurs l\u2019objet d\u2019un diagnostic par un professionnel de sant\u00e9. Alors, concr\u00e8tement, comment&nbsp;l\u2019alimentation saine&nbsp;et la&nbsp;nutrith\u00e9rapie&nbsp;peuvent-elles \u00eatre des&nbsp;alli\u00e9es pr\u00e9cieuses&nbsp;dans l\u2019accompagnement de cette probl\u00e9matique ? Le [&hellip;]<\/p>\n","protected":false},"author":1,"featured_media":0,"parent":0,"menu_order":70,"comment_status":"closed","ping_status":"closed","template":"elementor_header_footer","meta":[],"yoast_head":"<!-- This site is optimized with the Yoast SEO plugin v14.9 - https:\/\/yoast.com\/wordpress\/plugins\/seo\/ -->\n<title>Blog &bull; Th\u00e9rapie &amp; Nutrition<\/title>\n<meta name=\"description\" content=\"Blog Th\u00e9rapie et Nutrition\" \/>\n<meta name=\"robots\" content=\"index, follow, max-snippet:-1, max-image-preview:large, max-video-preview:-1\" \/>\n<link rel=\"canonical\" href=\"https:\/\/www.therapienutri.com\/index.php\/blog\/\" \/>\n<meta property=\"og:locale\" content=\"fr_FR\" \/>\n<meta property=\"og:type\" content=\"article\" \/>\n<meta property=\"og:title\" content=\"Blog &bull; Th\u00e9rapie &amp; Nutrition\" \/>\n<meta property=\"og:description\" content=\"Blog Th\u00e9rapie et Nutrition\" \/>\n<meta property=\"og:url\" content=\"https:\/\/www.therapienutri.com\/index.php\/blog\/\" \/>\n<meta property=\"og:site_name\" content=\"Th\u00e9rapieNutri\" \/>\n<meta property=\"article:modified_time\" content=\"2024-08-20T10:33:35+00:00\" \/>\n<meta property=\"og:image\" content=\"https:\/\/www.therapienutri.com\/wp-content\/uploads\/2020\/08\/AdobeStock_830213641-300x168.jpeg\" \/>\n<meta name=\"twitter:card\" content=\"summary_large_image\" \/>\n<script type=\"application\/ld+json\" class=\"yoast-schema-graph\">{\"@context\":\"https:\/\/schema.org\",\"@graph\":[{\"@type\":\"WebSite\",\"@id\":\"https:\/\/www.therapienutri.com\/#website\",\"url\":\"https:\/\/www.therapienutri.com\/\",\"name\":\"Th\\u00e9rapieNutri\",\"description\":\"\",\"potentialAction\":[{\"@type\":\"SearchAction\",\"target\":\"https:\/\/www.therapienutri.com\/?s={search_term_string}\",\"query-input\":\"required name=search_term_string\"}],\"inLanguage\":\"fr-FR\"},{\"@type\":\"ImageObject\",\"@id\":\"https:\/\/www.therapienutri.com\/index.php\/blog\/#primaryimage\",\"inLanguage\":\"fr-FR\",\"url\":\"https:\/\/www.therapienutri.com\/wp-content\/uploads\/2020\/08\/AdobeStock_830213641-scaled.jpeg\",\"width\":2560,\"height\":1435},{\"@type\":\"WebPage\",\"@id\":\"https:\/\/www.therapienutri.com\/index.php\/blog\/#webpage\",\"url\":\"https:\/\/www.therapienutri.com\/index.php\/blog\/\",\"name\":\"Blog &bull; Th\\u00e9rapie & Nutrition\",\"isPartOf\":{\"@id\":\"https:\/\/www.therapienutri.com\/#website\"},\"primaryImageOfPage\":{\"@id\":\"https:\/\/www.therapienutri.com\/index.php\/blog\/#primaryimage\"},\"datePublished\":\"2020-08-08T12:32:01+00:00\",\"dateModified\":\"2024-08-20T10:33:35+00:00\",\"description\":\"Blog Th\\u00e9rapie et Nutrition\",\"inLanguage\":\"fr-FR\",\"potentialAction\":[{\"@type\":\"ReadAction\",\"target\":[\"https:\/\/www.therapienutri.com\/index.php\/blog\/\"]}]}]}<\/script>\n<!-- \/ Yoast SEO plugin. -->","_links":{"self":[{"href":"https:\/\/www.therapienutri.com\/index.php\/wp-json\/wp\/v2\/pages\/133"}],"collection":[{"href":"https:\/\/www.therapienutri.com\/index.php\/wp-json\/wp\/v2\/pages"}],"about":[{"href":"https:\/\/www.therapienutri.com\/index.php\/wp-json\/wp\/v2\/types\/page"}],"author":[{"embeddable":true,"href":"https:\/\/www.therapienutri.com\/index.php\/wp-json\/wp\/v2\/users\/1"}],"replies":[{"embeddable":true,"href":"https:\/\/www.therapienutri.com\/index.php\/wp-json\/wp\/v2\/comments?post=133"}],"version-history":[{"count":29,"href":"https:\/\/www.therapienutri.com\/index.php\/wp-json\/wp\/v2\/pages\/133\/revisions"}],"predecessor-version":[{"id":1304,"href":"https:\/\/www.therapienutri.com\/index.php\/wp-json\/wp\/v2\/pages\/133\/revisions\/1304"}],"wp:attachment":[{"href":"https:\/\/www.therapienutri.com\/index.php\/wp-json\/wp\/v2\/media?parent=133"}],"curies":[{"name":"wp","href":"https:\/\/api.w.org\/{rel}","templated":true}]}}