{"id":641,"date":"2020-09-02T18:41:20","date_gmt":"2020-09-02T16:41:20","guid":{"rendered":"http:\/\/therapienutri.com\/?page_id=641"},"modified":"2024-08-20T11:50:25","modified_gmt":"2024-08-20T09:50:25","slug":"patricia-buchlin","status":"publish","type":"page","link":"https:\/\/www.therapienutri.com\/index.php\/patricia-buchlin\/","title":{"rendered":"Patricia Buchlin"},"content":{"rendered":"\t\t<div data-elementor-type=\"wp-page\" data-elementor-id=\"641\" class=\"elementor elementor-641\" data-elementor-settings=\"[]\">\n\t\t\t\t\t\t<div class=\"elementor-inner\">\n\t\t\t\t\t\t\t<div class=\"elementor-section-wrap\">\n\t\t\t\t\t\t\t<section class=\"elementor-section elementor-top-section elementor-element elementor-element-51f1a82 elementor-section-full_width elementor-section-height-min-height elementor-section-content-top elementor-hidden-phone elementor-section-height-default elementor-section-items-middle\" data-id=\"51f1a82\" data-element_type=\"section\">\n\t\t\t\t\t\t\t<div class=\"elementor-background-overlay\"><\/div>\n\t\t\t\t\t\t\t<div class=\"elementor-container elementor-column-gap-default\">\n\t\t\t\t\t\t\t<div class=\"elementor-row\">\n\t\t\t\t\t<div class=\"elementor-column elementor-col-100 elementor-top-column elementor-element elementor-element-9d04e8d\" data-id=\"9d04e8d\" data-element_type=\"column\" data-settings=\"{&quot;background_background&quot;:&quot;classic&quot;}\">\n\t\t\t<div class=\"elementor-column-wrap elementor-element-populated\">\n\t\t\t\t\t\t\t<div class=\"elementor-widget-wrap\">\n\t\t\t\t\t\t<div class=\"elementor-element elementor-element-3ef175e elementor-invisible elementor-widget elementor-widget-text-editor\" data-id=\"3ef175e\" data-element_type=\"widget\" data-settings=\"{&quot;_animation&quot;:&quot;slideInDown&quot;,&quot;_animation_delay&quot;:500}\" data-widget_type=\"text-editor.default\">\n\t\t\t\t<div class=\"elementor-widget-container\">\n\t\t\t\t\t<div class=\"elementor-text-editor elementor-clearfix\"><p>Patricia<\/p><\/div>\n\t\t\t\t<\/div>\n\t\t\t\t<\/div>\n\t\t\t\t<section class=\"elementor-section elementor-inner-section elementor-element elementor-element-7e9d3db elementor-section-boxed elementor-section-height-default elementor-section-height-default\" data-id=\"7e9d3db\" data-element_type=\"section\">\n\t\t\t\t\t\t<div class=\"elementor-container elementor-column-gap-default\">\n\t\t\t\t\t\t\t<div class=\"elementor-row\">\n\t\t\t\t\t<div class=\"elementor-column elementor-col-100 elementor-inner-column elementor-element elementor-element-5330702\" data-id=\"5330702\" data-element_type=\"column\">\n\t\t\t<div class=\"elementor-column-wrap elementor-element-populated\">\n\t\t\t\t\t\t\t<div class=\"elementor-widget-wrap\">\n\t\t\t\t\t\t<div class=\"elementor-element elementor-element-d474abf elementor-align-center elementor-invisible elementor-widget elementor-widget-button\" data-id=\"d474abf\" data-element_type=\"widget\" data-settings=\"{&quot;_animation&quot;:&quot;slideInDown&quot;}\" data-widget_type=\"button.default\">\n\t\t\t\t<div class=\"elementor-widget-container\">\n\t\t\t\t\t<div class=\"elementor-button-wrapper\">\n\t\t\t<a href=\"https:\/\/www.therapienutri.com\/index.php\/consultations-therapie-nutrition\/\" class=\"elementor-button-link elementor-button elementor-size-md\" role=\"button\">\n\t\t\t\t\t\t<span class=\"elementor-button-content-wrapper\">\n\t\t\t\t\t\t<span class=\"elementor-button-text\">Prendre rendez-vous<\/span>\n\t\t<\/span>\n\t\t\t\t\t<\/a>\n\t\t<\/div>\n\t\t\t\t<\/div>\n\t\t\t\t<\/div>\n\t\t\t\t\t\t<\/div>\n\t\t\t\t\t<\/div>\n\t\t<\/div>\n\t\t\t\t\t\t\t\t<\/div>\n\t\t\t\t\t<\/div>\n\t\t<\/section>\n\t\t\t\t\t\t<\/div>\n\t\t\t\t\t<\/div>\n\t\t<\/div>\n\t\t\t\t\t\t\t\t<\/div>\n\t\t\t\t\t<\/div>\n\t\t<\/section>\n\t\t\t\t<section class=\"elementor-section elementor-top-section elementor-element elementor-element-e17cdae elementor-section-full_width elementor-section-content-top elementor-hidden-desktop elementor-hidden-tablet elementor-section-height-default elementor-section-height-default\" data-id=\"e17cdae\" data-element_type=\"section\">\n\t\t\t\t\t\t\t<div class=\"elementor-background-overlay\"><\/div>\n\t\t\t\t\t\t\t<div class=\"elementor-container elementor-column-gap-default\">\n\t\t\t\t\t\t\t<div class=\"elementor-row\">\n\t\t\t\t\t<div class=\"elementor-column elementor-col-100 elementor-top-column elementor-element elementor-element-73e20fd\" data-id=\"73e20fd\" data-element_type=\"column\" data-settings=\"{&quot;background_background&quot;:&quot;classic&quot;}\">\n\t\t\t<div class=\"elementor-column-wrap elementor-element-populated\">\n\t\t\t\t\t\t\t<div class=\"elementor-widget-wrap\">\n\t\t\t\t\t\t<div class=\"elementor-element elementor-element-03f2715 elementor-invisible elementor-widget elementor-widget-text-editor\" data-id=\"03f2715\" data-element_type=\"widget\" data-settings=\"{&quot;_animation&quot;:&quot;slideInDown&quot;,&quot;_animation_delay&quot;:500}\" data-widget_type=\"text-editor.default\">\n\t\t\t\t<div class=\"elementor-widget-container\">\n\t\t\t\t\t<div class=\"elementor-text-editor elementor-clearfix\"><p>Patricia<\/p><\/div>\n\t\t\t\t<\/div>\n\t\t\t\t<\/div>\n\t\t\t\t<section class=\"elementor-section elementor-inner-section elementor-element elementor-element-ac40436 elementor-section-boxed elementor-section-height-default elementor-section-height-default\" data-id=\"ac40436\" data-element_type=\"section\">\n\t\t\t\t\t\t<div class=\"elementor-container elementor-column-gap-default\">\n\t\t\t\t\t\t\t<div class=\"elementor-row\">\n\t\t\t\t\t<div class=\"elementor-column elementor-col-100 elementor-inner-column elementor-element elementor-element-4a789ef\" data-id=\"4a789ef\" data-element_type=\"column\">\n\t\t\t<div class=\"elementor-column-wrap elementor-element-populated\">\n\t\t\t\t\t\t\t<div class=\"elementor-widget-wrap\">\n\t\t\t\t\t\t<div class=\"elementor-element elementor-element-f3c1ae1 elementor-align-center elementor-invisible elementor-widget elementor-widget-button\" data-id=\"f3c1ae1\" data-element_type=\"widget\" data-settings=\"{&quot;_animation&quot;:&quot;slideInDown&quot;}\" data-widget_type=\"button.default\">\n\t\t\t\t<div class=\"elementor-widget-container\">\n\t\t\t\t\t<div class=\"elementor-button-wrapper\">\n\t\t\t<a href=\"https:\/\/www.therapienutri.com\/index.php\/consultations-therapie-nutrition\/\" class=\"elementor-button-link elementor-button elementor-size-md\" role=\"button\">\n\t\t\t\t\t\t<span class=\"elementor-button-content-wrapper\">\n\t\t\t\t\t\t<span class=\"elementor-button-text\">Prendre rendez-vous<\/span>\n\t\t<\/span>\n\t\t\t\t\t<\/a>\n\t\t<\/div>\n\t\t\t\t<\/div>\n\t\t\t\t<\/div>\n\t\t\t\t\t\t<\/div>\n\t\t\t\t\t<\/div>\n\t\t<\/div>\n\t\t\t\t\t\t\t\t<\/div>\n\t\t\t\t\t<\/div>\n\t\t<\/section>\n\t\t\t\t\t\t<\/div>\n\t\t\t\t\t<\/div>\n\t\t<\/div>\n\t\t\t\t\t\t\t\t<\/div>\n\t\t\t\t\t<\/div>\n\t\t<\/section>\n\t\t\t\t<section class=\"elementor-section elementor-top-section elementor-element elementor-element-27ed1ea elementor-hidden-phone elementor-section-boxed elementor-section-height-default elementor-section-height-default\" data-id=\"27ed1ea\" data-element_type=\"section\">\n\t\t\t\t\t\t<div class=\"elementor-container elementor-column-gap-default\">\n\t\t\t\t\t\t\t<div class=\"elementor-row\">\n\t\t\t\t\t<div class=\"elementor-column elementor-col-100 elementor-top-column elementor-element elementor-element-ce20925\" data-id=\"ce20925\" data-element_type=\"column\">\n\t\t\t<div class=\"elementor-column-wrap elementor-element-populated\">\n\t\t\t\t\t\t\t<div class=\"elementor-widget-wrap\">\n\t\t\t\t\t\t<div class=\"elementor-element elementor-element-d9d9a06 elementor-widget elementor-widget-spacer\" data-id=\"d9d9a06\" data-element_type=\"widget\" data-widget_type=\"spacer.default\">\n\t\t\t\t<div class=\"elementor-widget-container\">\n\t\t\t\t\t<div class=\"elementor-spacer\">\n\t\t\t<div class=\"elementor-spacer-inner\"><\/div>\n\t\t<\/div>\n\t\t\t\t<\/div>\n\t\t\t\t<\/div>\n\t\t\t\t\t\t<\/div>\n\t\t\t\t\t<\/div>\n\t\t<\/div>\n\t\t\t\t\t\t\t\t<\/div>\n\t\t\t\t\t<\/div>\n\t\t<\/section>\n\t\t\t\t<section class=\"elementor-section elementor-top-section elementor-element elementor-element-2ea714f elementor-section-boxed elementor-section-height-default elementor-section-height-default\" data-id=\"2ea714f\" data-element_type=\"section\">\n\t\t\t\t\t\t<div class=\"elementor-container elementor-column-gap-default\">\n\t\t\t\t\t\t\t<div class=\"elementor-row\">\n\t\t\t\t\t<div class=\"elementor-column elementor-col-100 elementor-top-column elementor-element elementor-element-8922614\" data-id=\"8922614\" data-element_type=\"column\">\n\t\t\t<div class=\"elementor-column-wrap elementor-element-populated\">\n\t\t\t\t\t\t\t<div class=\"elementor-widget-wrap\">\n\t\t\t\t\t\t<div class=\"elementor-element elementor-element-65a5d38 elementor-widget elementor-widget-text-editor\" data-id=\"65a5d38\" data-element_type=\"widget\" data-widget_type=\"text-editor.default\">\n\t\t\t\t<div class=\"elementor-widget-container\">\n\t\t\t\t\t<div class=\"elementor-text-editor elementor-clearfix\"><p>Biologiste mol\u00e9culaire et cellulaire (master en Sciences biom\u00e9dicales, UCL), j\u2019ai eu un parcours scientifique pendant plus de 20 ans dans le domaine de la recherche. Ce fut l\u2019occasion pour moi d\u2019approfondir les m\u00e9andres du fonctionnement cellulaire et du corps humain. Il y a quelques ann\u00e9es, j\u2019ai d\u00e9clar\u00e9 une maladie auto-immune suivie d\u2019un Burnout, ce qui m\u2019a demand\u00e9 de revoir mon mode de vie.<br>A l\u2019\u00e9poque, d\u00e9j\u00e0 engag\u00e9e dans le monde fascinant et myst\u00e9rieux du&nbsp;Tantra, la pratique et l\u2019enseignement du Kundalini yoga ont \u00e9t\u00e9 un v\u00e9ritable outil de transformation et d\u2019auto-gu\u00e9rison, aussi bien int\u00e9rieur qu\u2019ext\u00e9rieur.<br>Face \u00e0 une m\u00e9decine qui n\u2019a pas pu r\u00e9pondre aux attentes de mon corps et de mon \u00e2me, j\u2019ai d\u00e9cid\u00e9 de me tourner vers une approche plus globale et plus holistique&nbsp;: la m\u00e9decine nutritionnelle.<br><\/p>\n<p>Par la suite, afin d\u2019approfondir mes comp\u00e9tentes scientifiques, je m\u2019engage dans une formation en <b>Nutrition et Nutrith\u00e9rapie (CERDEN)<\/b> ainsi qu\u2019en Aromath\u00e9rapie principalement pour pouvoir, \u00e0 mon tour, aider les personnes dans la m\u00eame situation que moi. Mise devant l\u2019\u00e9vidence que nous sommes tous \u00ab&nbsp;uniques&nbsp;\u00bb devant les probl\u00e8mes de nutrition et de sant\u00e9, j\u2019ai entrepris la formation en <b>Profilage Alimentaire\u2122<\/b>.&nbsp;Ces cursus ont \u00e9t\u00e9 extr\u00eamement riches en enseignements, <i> sen r\u00e9v\u00e9lations<\/i> et en d\u00e9couvertes de nouvelles approches.<\/p>\n<p><\/p>\n<p>Parall\u00e8lement \u00e0 l\u2019approche nutritionnelle, j\u2019ai \u00e9tudi\u00e9 et exp\u00e9riment\u00e9, depuis de nombreuses ann\u00e9es, diverses approches telles que&nbsp;la communication non violente, la Gestalt Th\u00e9rapie, la Bio\u00e9nergie, le Re Birth, la PNL, l\u2019approche Transg\u00e9n\u00e9rationnelle et Transpersonnelle, le D\u00e9codage biologique, New Paradigm MDT\u2122, la M\u00e9ditation Pleine Conscience (MBSR).<br>Form\u00e9e \u00e9galement \u00e0 la&nbsp;Constellation Familiale &amp; Syst\u00e9mique (COFASI) et \u00e0 la Gu\u00e9rison Intuitive (Caroline Blanco), j\u2019int\u00e8gre ces \u00e9l\u00e9ments \u00e0 ma compr\u00e9hension de la psych\u00e9 humaine dans le contexte d&#8217;un accompagnement individuel.<br>Restant dans l\u2019univers de l\u2019esprit avec ses sch\u00e9mas de pens\u00e9es, ses croyances, ses blocages et cette notion que l\u2019esprit inconscient sait et peut tellement plus que ce que le conscient croit conna\u00eetre, je me suis tourn\u00e9e vers <b>l\u2019Hypnose conversationnelle strat\u00e9gique PTR<\/b>. Je peux ainsi aider \u00e0 lib\u00e9rer au mieux les traumas, les croyances limitantes ainsi que les \u00e9motions engramm\u00e9s dans la m\u00e9moire du corps afin de retrouver son&nbsp;<b>intuition&nbsp;d\u2019autogu\u00e9rison<\/b> sur tous les plans de l\u2019\u00eatre : mental, physique et \u00e9motionnel.<\/p>\n<p>Aujourd\u2019hui, riche de toutes ces exp\u00e9riences et de ces comp\u00e9tences, je me sens pleinement au service d\u2019une d\u00e9marche \u00ab&nbsp;Bien-\u00eatre&nbsp;et Pr\u00e9vention Sant\u00e9 \u00bb pour accompagner les personnes \u00e0 la prise en main de leur sant\u00e9 tout en les aidant \u00e0 comprendre le sens de leurs maux et des obstacles \u00e0 leur bonheur.<\/p><\/div>\n\t\t\t\t<\/div>\n\t\t\t\t<\/div>\n\t\t\t\t\t\t<\/div>\n\t\t\t\t\t<\/div>\n\t\t<\/div>\n\t\t\t\t\t\t\t\t<\/div>\n\t\t\t\t\t<\/div>\n\t\t<\/section>\n\t\t\t\t\t\t<\/div>\n\t\t\t\t\t\t<\/div>\n\t\t\t\t\t<\/div>\n\t\t","protected":false},"excerpt":{"rendered":"<p>Patricia Prendre rendez-vous Patricia Prendre rendez-vous Biologiste mol\u00e9culaire et cellulaire (master en Sciences biom\u00e9dicales, UCL), j\u2019ai eu un parcours scientifique pendant plus de 20 ans dans le domaine de la recherche. Ce fut l\u2019occasion pour moi d\u2019approfondir les m\u00e9andres du fonctionnement cellulaire et du corps humain. Il y a quelques ann\u00e9es, j\u2019ai d\u00e9clar\u00e9 une maladie [&hellip;]<\/p>\n","protected":false},"author":1,"featured_media":0,"parent":0,"menu_order":5,"comment_status":"closed","ping_status":"closed","template":"elementor_header_footer","meta":[],"yoast_head":"<!-- This site is optimized with the Yoast SEO plugin v14.9 - https:\/\/yoast.com\/wordpress\/plugins\/seo\/ -->\n<title>Patricia Buchlin &bull; Th\u00e9rapie &amp; Nutrition<\/title>\n<meta name=\"robots\" content=\"index, follow, max-snippet:-1, max-image-preview:large, max-video-preview:-1\" \/>\n<link rel=\"canonical\" href=\"https:\/\/www.therapienutri.com\/index.php\/patricia-buchlin\/\" \/>\n<meta property=\"og:locale\" content=\"fr_FR\" \/>\n<meta property=\"og:type\" content=\"article\" \/>\n<meta property=\"og:title\" content=\"Patricia Buchlin &bull; Th\u00e9rapie &amp; Nutrition\" \/>\n<meta property=\"og:description\" content=\"Patricia Prendre rendez-vous Patricia Prendre rendez-vous Biologiste mol\u00e9culaire et cellulaire (master en Sciences biom\u00e9dicales, UCL), j\u2019ai eu un parcours scientifique pendant plus de 20 ans dans le domaine de la recherche. Ce fut l\u2019occasion pour moi d\u2019approfondir les m\u00e9andres du fonctionnement cellulaire et du corps humain. Il y a quelques ann\u00e9es, j\u2019ai d\u00e9clar\u00e9 une maladie [&hellip;]\" \/>\n<meta property=\"og:url\" content=\"https:\/\/www.therapienutri.com\/index.php\/patricia-buchlin\/\" \/>\n<meta property=\"og:site_name\" content=\"Th\u00e9rapieNutri\" \/>\n<meta property=\"article:modified_time\" content=\"2024-08-20T09:50:25+00:00\" \/>\n<meta name=\"twitter:card\" content=\"summary_large_image\" \/>\n<script type=\"application\/ld+json\" class=\"yoast-schema-graph\">{\"@context\":\"https:\/\/schema.org\",\"@graph\":[{\"@type\":\"WebSite\",\"@id\":\"https:\/\/www.therapienutri.com\/#website\",\"url\":\"https:\/\/www.therapienutri.com\/\",\"name\":\"Th\\u00e9rapieNutri\",\"description\":\"\",\"potentialAction\":[{\"@type\":\"SearchAction\",\"target\":\"https:\/\/www.therapienutri.com\/?s={search_term_string}\",\"query-input\":\"required name=search_term_string\"}],\"inLanguage\":\"fr-FR\"},{\"@type\":\"WebPage\",\"@id\":\"https:\/\/www.therapienutri.com\/index.php\/patricia-buchlin\/#webpage\",\"url\":\"https:\/\/www.therapienutri.com\/index.php\/patricia-buchlin\/\",\"name\":\"Patricia Buchlin &bull; Th\\u00e9rapie & Nutrition\",\"isPartOf\":{\"@id\":\"https:\/\/www.therapienutri.com\/#website\"},\"datePublished\":\"2020-09-02T16:41:20+00:00\",\"dateModified\":\"2024-08-20T09:50:25+00:00\",\"inLanguage\":\"fr-FR\",\"potentialAction\":[{\"@type\":\"ReadAction\",\"target\":[\"https:\/\/www.therapienutri.com\/index.php\/patricia-buchlin\/\"]}]}]}<\/script>\n<!-- \/ Yoast SEO plugin. -->","_links":{"self":[{"href":"https:\/\/www.therapienutri.com\/index.php\/wp-json\/wp\/v2\/pages\/641"}],"collection":[{"href":"https:\/\/www.therapienutri.com\/index.php\/wp-json\/wp\/v2\/pages"}],"about":[{"href":"https:\/\/www.therapienutri.com\/index.php\/wp-json\/wp\/v2\/types\/page"}],"author":[{"embeddable":true,"href":"https:\/\/www.therapienutri.com\/index.php\/wp-json\/wp\/v2\/users\/1"}],"replies":[{"embeddable":true,"href":"https:\/\/www.therapienutri.com\/index.php\/wp-json\/wp\/v2\/comments?post=641"}],"version-history":[{"count":44,"href":"https:\/\/www.therapienutri.com\/index.php\/wp-json\/wp\/v2\/pages\/641\/revisions"}],"predecessor-version":[{"id":1257,"href":"https:\/\/www.therapienutri.com\/index.php\/wp-json\/wp\/v2\/pages\/641\/revisions\/1257"}],"wp:attachment":[{"href":"https:\/\/www.therapienutri.com\/index.php\/wp-json\/wp\/v2\/media?parent=641"}],"curies":[{"name":"wp","href":"https:\/\/api.w.org\/{rel}","templated":true}]}}